{"id":1000,"date":"2025-01-22T12:47:56","date_gmt":"2025-01-22T12:47:56","guid":{"rendered":"https:\/\/inspiremenow.be\/vrijwaring\/"},"modified":"2025-08-13T13:27:09","modified_gmt":"2025-08-13T13:27:09","slug":"vrijwaring","status":"publish","type":"page","link":"https:\/\/inspiremenow.be\/nl\/vrijwaring\/","title":{"rendered":"Vrijwaring"},"content":{"rendered":"\t\t<div data-elementor-type=\"wp-page\" data-elementor-id=\"1000\" class=\"elementor elementor-1000 elementor-397\">\n\t\t\t\t<div class=\"elementor-element elementor-element-678d2f2 e-flex e-con-boxed e-con e-parent\" data-id=\"678d2f2\" data-element_type=\"container\">\n\t\t\t\t\t<div class=\"e-con-inner\">\n\t\t\t\t<div class=\"elementor-element elementor-element-fe4cb9b elementor-widget elementor-widget-heading\" data-id=\"fe4cb9b\" data-element_type=\"widget\" data-widget_type=\"heading.default\">\n\t\t\t\t<div class=\"elementor-widget-container\">\n\t\t\t\t\t<h2 class=\"elementor-heading-title elementor-size-default\">Vrijwaring<\/h2>\t\t\t\t<\/div>\n\t\t\t\t<\/div>\n\t\t\t\t<div class=\"elementor-element elementor-element-bce1cc2 elementor-widget elementor-widget-text-editor\" data-id=\"bce1cc2\" data-element_type=\"widget\" data-widget_type=\"text-editor.default\">\n\t\t\t\t<div class=\"elementor-widget-container\">\n\t\t\t\t\t\t\t\t\t<p><strong>Laatst bijgewerkt: 22-01-2025<\/strong><\/p>\n<p>Welkom op <strong>inspiremenow.be<\/strong>. Door onze site te bezoeken en onze diensten te gebruiken, gaat u akkoord met de voorwaarden die in deze disclaimer zijn vastgelegd. Als u niet akkoord gaat met deze voorwaarden, verzoeken wij u onze site niet te gebruiken.<\/p>\n<h5><strong>1. Algemene informatie<\/strong><\/h5>\n<p>De content op <strong>inspiremenow.be<\/strong> is bedoeld om informatie, praktisch advies en inspiratie te bieden over onderwerpen die verband houden met motivatie, productiviteit, welzijn en persoonlijke ontwikkeling. We doen er alles aan om de juistheid van de informatie te garanderen, maar we garanderen niet dat deze volledig of actueel is.<\/p>\n<h5><strong>2. Geen garantie<\/strong><\/h5>\n<p>De content op deze site is bedoeld voor informatieve doeleinden en wordt geleverd &#8220;zoals deze is&#8221;. We geven geen garanties, expliciet of impliciet, met betrekking tot:<\/p>\n<ul>\n<li>De nauwkeurigheid, betrouwbaarheid of geschiktheid van de informatie voor een bepaald doel.<\/li>\n<li>De afwezigheid van fouten of weglatingen in de gepubliceerde content.<\/li>\n<\/ul>\n<h5><strong>3. Gebruik van content<\/strong><\/h5>\n<p>De informatie op <strong>inspiremenow.be<\/strong> is geen vervanging voor professioneel advies, ongeacht of dit financieel, medisch of psychologisch is. U gebruikt de content op eigen risico en wij aanvaarden geen aansprakelijkheid voor beslissingen of acties die worden genomen op basis van onze artikelen of adviezen.<\/p>\n<h5><strong>4. Limitation de Responsabilit\u00e9<\/strong><\/h5>\n<p>Voor zover wettelijk toegestaan, zijn <strong>inspiremenow.be<\/strong> en haar eigenaren, medewerkers of partners niet aansprakelijk voor:<\/p>\n<ul>\n<li>Directe of indirecte schade als gevolg van het gebruik of het onvermogen om onze site te gebruiken.<\/li>\n<li>Verlies van gegevens of winst als gevolg van toegang tot onze content.<\/li>\n<\/ul>\n<h5><strong>5. Links naar websites van derden<\/strong><\/h5>\n<p>Onze site kan links naar externe sites bevatten. Deze links worden aangeboden voor uw gemak, maar wij hebben geen controle over de inhoud van deze sites en aanvaarden geen verantwoordelijkheid voor hun inhoud of beleid.<\/p>\n<h5><strong>6. Wijzigingen in de disclaimer<\/strong><\/h5>\n<p>Wij behouden ons het recht voor om deze disclaimer te allen tijde te wijzigen. Wijzigingen worden op deze pagina geplaatst met een herziene updatedatum.<\/p>\n<h5>7. <strong>Contact<\/strong><\/h5>\n<p>Pour toute question ou pr\u00e9occupation concernant cette clause de non-responsabilit\u00e9, vous pouvez nous contacter \u00e0 l&#8217;adresse suivante :<br><strong>E-mail<\/strong> : <a rel=\"noopener\">inspiremenow.be@outlook.com<\/a><\/p>\t\t\t\t\t\t\t\t<\/div>\n\t\t\t\t<\/div>\n\t\t\t\t\t<\/div>\n\t\t\t\t<\/div>\n\t\t\t\t<\/div>\n\t\t","protected":false},"excerpt":{"rendered":"<p>Vrijwaring Laatst bijgewerkt: 22-01-2025 Welkom op inspiremenow.be. Door onze site te bezoeken en onze diensten te gebruiken, gaat u akkoord met de voorwaarden die in deze disclaimer zijn vastgelegd. Als u niet akkoord gaat met deze voorwaarden, verzoeken wij u onze site niet te gebruiken. 1. Algemene informatie De content op inspiremenow.be is bedoeld om [&hellip;]<\/p>\n","protected":false},"author":0,"featured_media":0,"parent":0,"menu_order":0,"comment_status":"closed","ping_status":"closed","template":"","meta":{"footnotes":""},"class_list":["post-1000","page","type-page","status-publish","hentry"],"yoast_head":"<!-- This site is optimized with the Yoast SEO plugin v24.3 - https:\/\/yoast.com\/wordpress\/plugins\/seo\/ -->\n<title>Vrijwaring - Inspire Me Now<\/title>\n<meta name=\"robots\" content=\"index, follow, max-snippet:-1, max-image-preview:large, max-video-preview:-1\" \/>\n<link rel=\"canonical\" href=\"https:\/\/inspiremenow.be\/nl\/vrijwaring\/\" \/>\n<meta property=\"og:locale\" content=\"nl_NL\" \/>\n<meta property=\"og:type\" content=\"article\" \/>\n<meta property=\"og:title\" content=\"Vrijwaring - Inspire Me Now\" \/>\n<meta property=\"og:description\" content=\"Vrijwaring Laatst bijgewerkt: 22-01-2025 Welkom op inspiremenow.be. Door onze site te bezoeken en onze diensten te gebruiken, gaat u akkoord met de voorwaarden die in deze disclaimer zijn vastgelegd. Als u niet akkoord gaat met deze voorwaarden, verzoeken wij u onze site niet te gebruiken. 1. Algemene informatie De content op inspiremenow.be is bedoeld om [&hellip;]\" \/>\n<meta property=\"og:url\" content=\"https:\/\/inspiremenow.be\/nl\/vrijwaring\/\" \/>\n<meta property=\"og:site_name\" content=\"Inspire Me Now\" \/>\n<meta property=\"article:modified_time\" content=\"2025-08-13T13:27:09+00:00\" \/>\n<meta name=\"twitter:card\" content=\"summary_large_image\" \/>\n<meta name=\"twitter:label1\" content=\"Geschatte leestijd\" \/>\n\t<meta name=\"twitter:data1\" content=\"2 minuten\" \/>\n<script type=\"application\/ld+json\" class=\"yoast-schema-graph\">{\"@context\":\"https:\/\/schema.org\",\"@graph\":[{\"@type\":\"WebPage\",\"@id\":\"https:\/\/inspiremenow.be\/nl\/vrijwaring\/\",\"url\":\"https:\/\/inspiremenow.be\/nl\/vrijwaring\/\",\"name\":\"Vrijwaring - Inspire Me Now\",\"isPartOf\":{\"@id\":\"https:\/\/inspiremenow.be\/nl\/#website\"},\"datePublished\":\"2025-01-22T12:47:56+00:00\",\"dateModified\":\"2025-08-13T13:27:09+00:00\",\"breadcrumb\":{\"@id\":\"https:\/\/inspiremenow.be\/nl\/vrijwaring\/#breadcrumb\"},\"inLanguage\":\"nl-NL\",\"potentialAction\":[{\"@type\":\"ReadAction\",\"target\":[\"https:\/\/inspiremenow.be\/nl\/vrijwaring\/\"]}]},{\"@type\":\"BreadcrumbList\",\"@id\":\"https:\/\/inspiremenow.be\/nl\/vrijwaring\/#breadcrumb\",\"itemListElement\":[{\"@type\":\"ListItem\",\"position\":1,\"name\":\"Accueil\",\"item\":\"https:\/\/inspiremenow.be\/nl\/\"},{\"@type\":\"ListItem\",\"position\":2,\"name\":\"Vrijwaring\"}]},{\"@type\":\"WebSite\",\"@id\":\"https:\/\/inspiremenow.be\/nl\/#website\",\"url\":\"https:\/\/inspiremenow.be\/nl\/\",\"name\":\"Inspire Me Now\",\"description\":\"\",\"publisher\":{\"@id\":\"https:\/\/inspiremenow.be\/nl\/#organization\"},\"potentialAction\":[{\"@type\":\"SearchAction\",\"target\":{\"@type\":\"EntryPoint\",\"urlTemplate\":\"https:\/\/inspiremenow.be\/nl\/?s={search_term_string}\"},\"query-input\":{\"@type\":\"PropertyValueSpecification\",\"valueRequired\":true,\"valueName\":\"search_term_string\"}}],\"inLanguage\":\"nl-NL\"},{\"@type\":\"Organization\",\"@id\":\"https:\/\/inspiremenow.be\/nl\/#organization\",\"name\":\"Inspire Me Now\",\"url\":\"https:\/\/inspiremenow.be\/nl\/\",\"logo\":{\"@type\":\"ImageObject\",\"inLanguage\":\"nl-NL\",\"@id\":\"https:\/\/inspiremenow.be\/nl\/#\/schema\/logo\/image\/\",\"url\":\"https:\/\/inspiremenow.be\/wp-content\/uploads\/2025\/01\/cropped-Orange_Lion_Art___Design_Logo-removebg-preview-1-1.png\",\"contentUrl\":\"https:\/\/inspiremenow.be\/wp-content\/uploads\/2025\/01\/cropped-Orange_Lion_Art___Design_Logo-removebg-preview-1-1.png\",\"width\":500,\"height\":500,\"caption\":\"Inspire Me Now\"},\"image\":{\"@id\":\"https:\/\/inspiremenow.be\/nl\/#\/schema\/logo\/image\/\"}}]}<\/script>\n<!-- \/ Yoast SEO plugin. -->","yoast_head_json":{"title":"Vrijwaring - Inspire Me Now","robots":{"index":"index","follow":"follow","max-snippet":"max-snippet:-1","max-image-preview":"max-image-preview:large","max-video-preview":"max-video-preview:-1"},"canonical":"https:\/\/inspiremenow.be\/nl\/vrijwaring\/","og_locale":"nl_NL","og_type":"article","og_title":"Vrijwaring - Inspire Me Now","og_description":"Vrijwaring Laatst bijgewerkt: 22-01-2025 Welkom op inspiremenow.be. Door onze site te bezoeken en onze diensten te gebruiken, gaat u akkoord met de voorwaarden die in deze disclaimer zijn vastgelegd. Als u niet akkoord gaat met deze voorwaarden, verzoeken wij u onze site niet te gebruiken. 1. Algemene informatie De content op inspiremenow.be is bedoeld om [&hellip;]","og_url":"https:\/\/inspiremenow.be\/nl\/vrijwaring\/","og_site_name":"Inspire Me Now","article_modified_time":"2025-08-13T13:27:09+00:00","twitter_card":"summary_large_image","twitter_misc":{"Geschatte leestijd":"2 minuten"},"schema":{"@context":"https:\/\/schema.org","@graph":[{"@type":"WebPage","@id":"https:\/\/inspiremenow.be\/nl\/vrijwaring\/","url":"https:\/\/inspiremenow.be\/nl\/vrijwaring\/","name":"Vrijwaring - Inspire Me Now","isPartOf":{"@id":"https:\/\/inspiremenow.be\/nl\/#website"},"datePublished":"2025-01-22T12:47:56+00:00","dateModified":"2025-08-13T13:27:09+00:00","breadcrumb":{"@id":"https:\/\/inspiremenow.be\/nl\/vrijwaring\/#breadcrumb"},"inLanguage":"nl-NL","potentialAction":[{"@type":"ReadAction","target":["https:\/\/inspiremenow.be\/nl\/vrijwaring\/"]}]},{"@type":"BreadcrumbList","@id":"https:\/\/inspiremenow.be\/nl\/vrijwaring\/#breadcrumb","itemListElement":[{"@type":"ListItem","position":1,"name":"Accueil","item":"https:\/\/inspiremenow.be\/nl\/"},{"@type":"ListItem","position":2,"name":"Vrijwaring"}]},{"@type":"WebSite","@id":"https:\/\/inspiremenow.be\/nl\/#website","url":"https:\/\/inspiremenow.be\/nl\/","name":"Inspire Me Now","description":"","publisher":{"@id":"https:\/\/inspiremenow.be\/nl\/#organization"},"potentialAction":[{"@type":"SearchAction","target":{"@type":"EntryPoint","urlTemplate":"https:\/\/inspiremenow.be\/nl\/?s={search_term_string}"},"query-input":{"@type":"PropertyValueSpecification","valueRequired":true,"valueName":"search_term_string"}}],"inLanguage":"nl-NL"},{"@type":"Organization","@id":"https:\/\/inspiremenow.be\/nl\/#organization","name":"Inspire Me Now","url":"https:\/\/inspiremenow.be\/nl\/","logo":{"@type":"ImageObject","inLanguage":"nl-NL","@id":"https:\/\/inspiremenow.be\/nl\/#\/schema\/logo\/image\/","url":"https:\/\/inspiremenow.be\/wp-content\/uploads\/2025\/01\/cropped-Orange_Lion_Art___Design_Logo-removebg-preview-1-1.png","contentUrl":"https:\/\/inspiremenow.be\/wp-content\/uploads\/2025\/01\/cropped-Orange_Lion_Art___Design_Logo-removebg-preview-1-1.png","width":500,"height":500,"caption":"Inspire Me Now"},"image":{"@id":"https:\/\/inspiremenow.be\/nl\/#\/schema\/logo\/image\/"}}]}},"_links":{"self":[{"href":"https:\/\/inspiremenow.be\/nl\/wp-json\/wp\/v2\/pages\/1000","targetHints":{"allow":["GET"]}}],"collection":[{"href":"https:\/\/inspiremenow.be\/nl\/wp-json\/wp\/v2\/pages"}],"about":[{"href":"https:\/\/inspiremenow.be\/nl\/wp-json\/wp\/v2\/types\/page"}],"replies":[{"embeddable":true,"href":"https:\/\/inspiremenow.be\/nl\/wp-json\/wp\/v2\/comments?post=1000"}],"version-history":[{"count":0,"href":"https:\/\/inspiremenow.be\/nl\/wp-json\/wp\/v2\/pages\/1000\/revisions"}],"wp:attachment":[{"href":"https:\/\/inspiremenow.be\/nl\/wp-json\/wp\/v2\/media?parent=1000"}],"curies":[{"name":"wp","href":"https:\/\/api.w.org\/{rel}","templated":true}]}}